{"id":3475,"date":"2025-04-07T15:57:01","date_gmt":"2025-04-07T13:57:01","guid":{"rendered":"https:\/\/biocloner-sklep.dev.nocadis.com\/?page_id=3475"},"modified":"2025-04-07T15:57:16","modified_gmt":"2025-04-07T13:57:16","slug":"fundusze-europejskie","status":"publish","type":"page","link":"https:\/\/biocloner-sklep.dev.nocadis.com\/en\/fundusze-europejskie\/","title":{"rendered":"Fundusze Europejskie"},"content":{"rendered":"<h2 class=\"wp-block-heading\">BioCloner<\/h2><p>Pierwsza polska biodrukarka dedykowana do implant\u00f3w wch\u0142anialnych \u2013 BioCloner<\/p><p>Celem projektu jest opracowanie pierwszej polskiej biodrukarki dedykowanej do implant\u00f3w wch\u0142anialnych pracuj\u0105cej w trzech wariantach materia\u0142owych.<\/p><h4 class=\"wp-block-heading\">Warto\u015b\u0107 projektu:&nbsp;<\/h4><p>6 480 789,37 z\u0142<\/p><h4 class=\"wp-block-heading\">Dofinansowanie projektu z UE:&nbsp;<\/h4><p>5 037 076,81 z\u0142.<\/p><figure class=\"wp-block-image size-full mix-blend-darken\"><img decoding=\"async\" src=\"https:\/\/bioclonerhealth.com\/wp-content\/uploads\/2025\/03\/biocloner-fundusze.png\" alt=\"\" class=\"wp-image-5015\"\/><\/figure>","protected":false},"excerpt":{"rendered":"<p>BioCloner Pierwsza polska biodrukarka dedykowana do implant\u00f3w wch\u0142anialnych \u2013 BioCloner Celem projektu jest opracowanie pierwszej polskiej biodrukarki dedykowanej do implant\u00f3w wch\u0142anialnych pracuj\u0105cej w trzech wariantach materia\u0142owych. Warto\u015b\u0107 projektu:&nbsp; 6 480 789,37 z\u0142 Dofinansowanie projektu z UE:&nbsp; 5 037 076,81 z\u0142.<\/p>","protected":false},"author":3,"featured_media":0,"parent":0,"menu_order":0,"comment_status":"closed","ping_status":"closed","template":"template-pages\/simple-page.php","meta":{"_acf_changed":false,"footnotes":""},"class_list":["post-3475","page","type-page","status-publish","hentry"],"acf":[],"_links":{"self":[{"href":"https:\/\/biocloner-sklep.dev.nocadis.com\/en\/wp-json\/wp\/v2\/pages\/3475","targetHints":{"allow":["GET"]}}],"collection":[{"href":"https:\/\/biocloner-sklep.dev.nocadis.com\/en\/wp-json\/wp\/v2\/pages"}],"about":[{"href":"https:\/\/biocloner-sklep.dev.nocadis.com\/en\/wp-json\/wp\/v2\/types\/page"}],"author":[{"embeddable":true,"href":"https:\/\/biocloner-sklep.dev.nocadis.com\/en\/wp-json\/wp\/v2\/users\/3"}],"replies":[{"embeddable":true,"href":"https:\/\/biocloner-sklep.dev.nocadis.com\/en\/wp-json\/wp\/v2\/comments?post=3475"}],"version-history":[{"count":1,"href":"https:\/\/biocloner-sklep.dev.nocadis.com\/en\/wp-json\/wp\/v2\/pages\/3475\/revisions"}],"predecessor-version":[{"id":3476,"href":"https:\/\/biocloner-sklep.dev.nocadis.com\/en\/wp-json\/wp\/v2\/pages\/3475\/revisions\/3476"}],"wp:attachment":[{"href":"https:\/\/biocloner-sklep.dev.nocadis.com\/en\/wp-json\/wp\/v2\/media?parent=3475"}],"curies":[{"name":"wp","href":"https:\/\/api.w.org\/{rel}","templated":true}]}}