{"id":116,"date":"2024-09-23T13:54:06","date_gmt":"2024-09-23T11:54:06","guid":{"rendered":"http:\/\/biocloner-sklep.local\/?post_type=product&#038;p=111"},"modified":"2024-09-26T14:53:49","modified_gmt":"2024-09-26T12:53:49","slug":"nazwa-produktu-27","status":"publish","type":"product","link":"https:\/\/biocloner-sklep.dev.nocadis.com\/en\/product\/nazwa-produktu-27\/","title":{"rendered":"Product name"},"content":{"rendered":"","protected":false},"excerpt":{"rendered":"<p>G\u0142owica temperaturowo-ci\u015bnieniowa CTP od BioCloner Health to zaawansowane narz\u0119dzie do precyzyjnego t\u0142oczenia materia\u0142\u00f3w biologicznych, takich jak hydro\u017cele, w\u00a0kontrolowanych warunkach temperaturowych i\u00a0ci\u015bnieniowych.<\/p>","protected":false},"featured_media":72,"comment_status":"open","ping_status":"closed","template":"","meta":{"_acf_changed":false},"product_cat":[19],"product_tag":[],"class_list":{"0":"post-116","1":"product","2":"type-product","3":"status-publish","4":"has-post-thumbnail","6":"product_cat-kategoria-1","8":"first","9":"instock","10":"shipping-taxable","11":"purchasable","12":"product-type-simple"},"acf":[],"_links":{"self":[{"href":"https:\/\/biocloner-sklep.dev.nocadis.com\/en\/wp-json\/wp\/v2\/product\/116","targetHints":{"allow":["GET"]}}],"collection":[{"href":"https:\/\/biocloner-sklep.dev.nocadis.com\/en\/wp-json\/wp\/v2\/product"}],"about":[{"href":"https:\/\/biocloner-sklep.dev.nocadis.com\/en\/wp-json\/wp\/v2\/types\/product"}],"replies":[{"embeddable":true,"href":"https:\/\/biocloner-sklep.dev.nocadis.com\/en\/wp-json\/wp\/v2\/comments?post=116"}],"wp:featuredmedia":[{"embeddable":true,"href":"https:\/\/biocloner-sklep.dev.nocadis.com\/en\/wp-json\/wp\/v2\/media\/72"}],"wp:attachment":[{"href":"https:\/\/biocloner-sklep.dev.nocadis.com\/en\/wp-json\/wp\/v2\/media?parent=116"}],"wp:term":[{"taxonomy":"product_cat","embeddable":true,"href":"https:\/\/biocloner-sklep.dev.nocadis.com\/en\/wp-json\/wp\/v2\/product_cat?post=116"},{"taxonomy":"product_tag","embeddable":true,"href":"https:\/\/biocloner-sklep.dev.nocadis.com\/en\/wp-json\/wp\/v2\/product_tag?post=116"}],"curies":[{"name":"wp","href":"https:\/\/api.w.org\/{rel}","templated":true}]}}