{"id":86,"date":"2024-09-17T14:23:22","date_gmt":"2024-09-17T14:23:22","guid":{"rendered":"http:\/\/biocloner-sklep.local\/?post_type=product&#038;p=70"},"modified":"2026-01-07T15:05:14","modified_gmt":"2026-01-07T14:05:14","slug":"glowica-temperaturowo-cisnieniowa-ctp-2","status":"publish","type":"product","link":"https:\/\/biocloner-sklep.dev.nocadis.com\/en\/product\/glowica-temperaturowo-cisnieniowa-ctp-2\/","title":{"rendered":"G\u0142owica temperaturowo-ci\u015bnieniowa CTP"},"content":{"rendered":"","protected":false},"excerpt":{"rendered":"<p>G\u0142owica temperaturowo-ci\u015bnieniowa CTP od BioCloner Health to zaawansowane narz\u0119dzie do precyzyjnego t\u0142oczenia materia\u0142\u00f3w biologicznych, takich jak hydro\u017cele, w\u00a0kontrolowanych warunkach temperaturowych i\u00a0ci\u015bnieniowych.<\/p>","protected":false},"featured_media":72,"comment_status":"open","ping_status":"closed","template":"","meta":{"_acf_changed":false},"product_cat":[15,19],"product_tag":[],"class_list":{"0":"post-86","1":"product","2":"type-product","3":"status-publish","4":"has-post-thumbnail","6":"product_cat-uncategorized","7":"product_cat-kategoria-1","9":"first","10":"instock","11":"shipping-taxable","12":"purchasable","13":"product-type-simple"},"acf":[],"_links":{"self":[{"href":"https:\/\/biocloner-sklep.dev.nocadis.com\/en\/wp-json\/wp\/v2\/product\/86","targetHints":{"allow":["GET"]}}],"collection":[{"href":"https:\/\/biocloner-sklep.dev.nocadis.com\/en\/wp-json\/wp\/v2\/product"}],"about":[{"href":"https:\/\/biocloner-sklep.dev.nocadis.com\/en\/wp-json\/wp\/v2\/types\/product"}],"replies":[{"embeddable":true,"href":"https:\/\/biocloner-sklep.dev.nocadis.com\/en\/wp-json\/wp\/v2\/comments?post=86"}],"wp:featuredmedia":[{"embeddable":true,"href":"https:\/\/biocloner-sklep.dev.nocadis.com\/en\/wp-json\/wp\/v2\/media\/72"}],"wp:attachment":[{"href":"https:\/\/biocloner-sklep.dev.nocadis.com\/en\/wp-json\/wp\/v2\/media?parent=86"}],"wp:term":[{"taxonomy":"product_cat","embeddable":true,"href":"https:\/\/biocloner-sklep.dev.nocadis.com\/en\/wp-json\/wp\/v2\/product_cat?post=86"},{"taxonomy":"product_tag","embeddable":true,"href":"https:\/\/biocloner-sklep.dev.nocadis.com\/en\/wp-json\/wp\/v2\/product_tag?post=86"}],"curies":[{"name":"wp","href":"https:\/\/api.w.org\/{rel}","templated":true}]}}