{"id":92,"date":"2024-09-23T10:36:47","date_gmt":"2024-09-23T08:36:47","guid":{"rendered":"http:\/\/biocloner-sklep.local\/?post_type=product&#038;p=83"},"modified":"2024-09-26T14:58:13","modified_gmt":"2024-09-26T12:58:13","slug":"nazwa-produktu-3-2","status":"publish","type":"product","link":"https:\/\/biocloner-sklep.dev.nocadis.com\/en\/product\/nazwa-produktu-3-2\/","title":{"rendered":"Nazwa produktu 3"},"content":{"rendered":"","protected":false},"excerpt":{"rendered":"<p>G\u0142owica temperaturowo-ci\u015bnieniowa CTP od BioCloner Health to zaawansowane narz\u0119dzie do precyzyjnego t\u0142oczenia materia\u0142\u00f3w biologicznych, takich jak hydro\u017cele, w\u00a0kontrolowanych warunkach temperaturowych i\u00a0ci\u015bnieniowych.<\/p>","protected":false},"featured_media":72,"comment_status":"open","ping_status":"closed","template":"","meta":{"_acf_changed":false},"product_cat":[19],"product_tag":[],"class_list":{"0":"post-92","1":"product","2":"type-product","3":"status-publish","4":"has-post-thumbnail","6":"product_cat-kategoria-1","8":"first","9":"instock","10":"shipping-taxable","11":"purchasable","12":"product-type-simple"},"acf":[],"_links":{"self":[{"href":"https:\/\/biocloner-sklep.dev.nocadis.com\/en\/wp-json\/wp\/v2\/product\/92","targetHints":{"allow":["GET"]}}],"collection":[{"href":"https:\/\/biocloner-sklep.dev.nocadis.com\/en\/wp-json\/wp\/v2\/product"}],"about":[{"href":"https:\/\/biocloner-sklep.dev.nocadis.com\/en\/wp-json\/wp\/v2\/types\/product"}],"replies":[{"embeddable":true,"href":"https:\/\/biocloner-sklep.dev.nocadis.com\/en\/wp-json\/wp\/v2\/comments?post=92"}],"wp:featuredmedia":[{"embeddable":true,"href":"https:\/\/biocloner-sklep.dev.nocadis.com\/en\/wp-json\/wp\/v2\/media\/72"}],"wp:attachment":[{"href":"https:\/\/biocloner-sklep.dev.nocadis.com\/en\/wp-json\/wp\/v2\/media?parent=92"}],"wp:term":[{"taxonomy":"product_cat","embeddable":true,"href":"https:\/\/biocloner-sklep.dev.nocadis.com\/en\/wp-json\/wp\/v2\/product_cat?post=92"},{"taxonomy":"product_tag","embeddable":true,"href":"https:\/\/biocloner-sklep.dev.nocadis.com\/en\/wp-json\/wp\/v2\/product_tag?post=92"}],"curies":[{"name":"wp","href":"https:\/\/api.w.org\/{rel}","templated":true}]}}